{"id":1895,"date":"2022-05-28T10:12:18","date_gmt":"2022-05-28T09:12:18","guid":{"rendered":"https:\/\/excellenceroadmpc.com\/?page_id=1895"},"modified":"2022-06-06T20:23:26","modified_gmt":"2022-06-06T19:23:26","slug":"privacy-policy","status":"publish","type":"page","link":"https:\/\/excellenceroadmpc.com\/de\/privacy-policy\/","title":{"rendered":"Datenschutzerkl\u00e4rung"},"content":{"rendered":"<div data-elementor-type=\"wp-page\" data-elementor-id=\"1895\" class=\"elementor elementor-1895\">\n\t\t\t\t\t\t<section class=\"elementor-section elementor-top-section elementor-element elementor-element-073b1ba elementor-section-boxed elementor-section-height-default elementor-section-height-default\" data-id=\"073b1ba\" data-element_type=\"section\" data-e-type=\"section\">\n\t\t\t\t\t\t<div class=\"elementor-container elementor-column-gap-default\">\n\t\t\t\t\t<div class=\"elementor-column elementor-col-100 elementor-top-column elementor-element elementor-element-fcd9ee2\" data-id=\"fcd9ee2\" data-element_type=\"column\" data-e-type=\"column\">\n\t\t\t<div class=\"elementor-widget-wrap elementor-element-populated\">\n\t\t\t\t\t\t<div class=\"elementor-element elementor-element-38b1a80 elementor-widget elementor-widget-heading\" data-id=\"38b1a80\" data-element_type=\"widget\" data-e-type=\"widget\" data-widget_type=\"heading.default\">\n\t\t\t\t<div class=\"elementor-widget-container\">\n\t\t\t\t\t<h2 class=\"elementor-heading-title elementor-size-default\">Datenschutzerkl\u00e4rung<\/h2>\t\t\t\t<\/div>\n\t\t\t\t<\/div>\n\t\t\t\t\t<\/div>\n\t\t<\/div>\n\t\t\t\t\t<\/div>\n\t\t<\/section>\n\t\t\t\t<section class=\"elementor-section elementor-top-section elementor-element elementor-element-ec9447b elementor-section-boxed elementor-section-height-default elementor-section-height-default\" data-id=\"ec9447b\" data-element_type=\"section\" data-e-type=\"section\">\n\t\t\t\t\t\t<div class=\"elementor-container elementor-column-gap-default\">\n\t\t\t\t\t<div class=\"elementor-column elementor-col-100 elementor-top-column elementor-element elementor-element-19f4736\" data-id=\"19f4736\" data-element_type=\"column\" data-e-type=\"column\">\n\t\t\t<div class=\"elementor-widget-wrap elementor-element-populated\">\n\t\t\t\t\t\t<div class=\"elementor-element elementor-element-9c673cd elementor-widget elementor-widget-heading\" data-id=\"9c673cd\" data-element_type=\"widget\" data-e-type=\"widget\" data-widget_type=\"heading.default\">\n\t\t\t\t<div class=\"elementor-widget-container\">\n\t\t\t\t\t<h2 class=\"elementor-heading-title elementor-size-default\">Wie Cookies und deine Daten verwendet werden<\/h2>\t\t\t\t<\/div>\n\t\t\t\t<\/div>\n\t\t\t\t<div class=\"elementor-element elementor-element-5c6f85b elementor-widget elementor-widget-text-editor\" data-id=\"5c6f85b\" data-element_type=\"widget\" data-e-type=\"widget\" data-widget_type=\"text-editor.default\">\n\t\t\t\t<div class=\"elementor-widget-container\">\n\t\t\t\t\t\t\t\t\t<p class=\"translation-block\">Cookies sind Daten von einer Webseite, die in einem Webbrowser gespeichert werden, die die Webseite zu einem sp\u00e4teren Zeitpunkt abrufen kann, und die f\u00fcr deine Ger\u00e4te nicht sch\u00e4dlich sind. Manche Cookies halten nur kurz, manche l\u00e4nger. Diese Webseite verwendet Cookies, damit du auf dieser Webseite navigieren und Analysen verfolgen kannst, z.B. Seiten besucht.<\/p>\n<p class=\"translation-block\">Wenn du unseren Newsletter abonniert oder uns kontaktiert hast, besteht eine gute Chance, dass du E-Mails von uns erhaltest. Wir senden dir nur E-Mails, f\u00fcr deren Empfang du dich angemeldet hast oder die sich auf die von uns angebotenen Dienstleistungen beziehen. Um dir E-Mails zu senden, verwenden wir den Namen und die E-Mail-Adresse, die du uns zur Verf\u00fcgung stellst. Dein Name und deine E-Mail-Adresse werden gespeichert, bis du dich vom Newsletter abmeldest. Unsere Website protokolliert auch die IP-Adresse, die du bei der Anmeldung f\u00fcr den Dienst verwendet hast, um einen Missbrauch des Systems zu verhindern. Diese Webseite kann E-Mails \u00fcber den Versanddienst MailPoet versenden. Dieser Dienst erm\u00f6glicht es uns, \u00d6ffnungen und Klicks auf unsere E-Mails zu verfolgen. Wir verwenden diese Informationen, um den Inhalt unserer Newsletter zu verbessern. Abgesehen von der E-Mail-Adresse werden au\u00dferhalb dieser Webseite keine identifizierbaren Informationen nachverfolgt.<\/p>\n<p>Excellence Road Mental Performance Consulting wird deine Daten nicht an Drittquellen weitergeben.<span style=\"color: var(--ast-global-color-3); font-style: inherit; font-weight: inherit; background-color: var(--ast-global-color-5);\"><br \/><\/span><\/p>\t\t\t\t\t\t\t\t<\/div>\n\t\t\t\t<\/div>\n\t\t\t\t\t<\/div>\n\t\t<\/div>\n\t\t\t\t\t<\/div>\n\t\t<\/section>\n\t\t\t\t<section class=\"elementor-section elementor-top-section elementor-element elementor-element-8c7109e elementor-section-boxed elementor-section-height-default elementor-section-height-default\" data-id=\"8c7109e\" data-element_type=\"section\" data-e-type=\"section\">\n\t\t\t\t\t\t<div class=\"elementor-container elementor-column-gap-default\">\n\t\t\t\t\t<div class=\"elementor-column elementor-col-100 elementor-top-column elementor-element elementor-element-bd0311d\" data-id=\"bd0311d\" data-element_type=\"column\" data-e-type=\"column\">\n\t\t\t<div class=\"elementor-widget-wrap elementor-element-populated\">\n\t\t\t\t\t\t<div class=\"elementor-element elementor-element-5dc0acd elementor-widget elementor-widget-heading\" data-id=\"5dc0acd\" data-element_type=\"widget\" data-e-type=\"widget\" data-widget_type=\"heading.default\">\n\t\t\t\t<div class=\"elementor-widget-container\">\n\t\t\t\t\t<h2 class=\"elementor-heading-title elementor-size-default\">Andere Webseiten<\/h2>\t\t\t\t<\/div>\n\t\t\t\t<\/div>\n\t\t\t\t<div class=\"elementor-element elementor-element-2620298 elementor-widget elementor-widget-text-editor\" data-id=\"2620298\" data-element_type=\"widget\" data-e-type=\"widget\" data-widget_type=\"text-editor.default\">\n\t\t\t\t<div class=\"elementor-widget-container\">\n\t\t\t\t\t\t\t\t\t<p><span style=\"background-color: var(--ast-global-color-5);\">Artikel auf dieser Webseite k\u00f6nnen eingebettete Inhalte (z. B. Videos, Bilder, Artikel usw.) und Links zu anderen Webseiten enthalten. Eingebettete Inhalte von anderen Webseiten verhalten sich genauso, als ob der Besucher die andere Webseiten besucht h\u00e4tte.<\/span><\/p>\n<p>Diese Webseiten k\u00f6nnen Daten \u00fcber dich sammeln, Cookies verwenden, zus\u00e4tzliches Tracking von Drittanbietern einbetten und deine Interaktion mit diesem eingebetteten Inhalt \u00fcberwachen, einschlie\u00dflich der Verfolgung Ihrer Interaktion mit dem eingebetteten Inhalt, wenn du ein Konto hast und auf dieser Website angemeldet bist.<\/p>\n<p class=\"translation-block\">Diese Webseite wird von WordPress und der Webseite-Erstellungssoftware Elementor betrieben, die auch Daten \u00fcber dich sammeln, Cookies verwenden, zus\u00e4tzliches Tracking von Drittanbietern einbetten und deine Aktivit\u00e4ten auf dieser Webseite \u00fcberwachen k\u00f6nnen.<\/p>\t\t\t\t\t\t\t\t<\/div>\n\t\t\t\t<\/div>\n\t\t\t\t\t<\/div>\n\t\t<\/div>\n\t\t\t\t\t<\/div>\n\t\t<\/section>\n\t\t\t\t<\/div>","protected":false},"excerpt":{"rendered":"<p>Privacy Policy How we use cookies and your data Cookie are pieces of data from a website that are stored within a web browser that the website can retrieve at a later time, and\u00a0are not harmful to your devices.\u00a0Cookies have a lifetime: some only last a short time, while some last longer.\u00a0This site uses cookies [&hellip;]<\/p>\n","protected":false},"author":1,"featured_media":0,"parent":0,"menu_order":0,"comment_status":"closed","ping_status":"closed","template":"","meta":{"om_disable_all_campaigns":false,"_monsterinsights_skip_tracking":false,"_monsterinsights_sitenote_active":false,"_monsterinsights_sitenote_note":"","_monsterinsights_sitenote_category":0,"site-sidebar-layout":"default","site-content-layout":"","ast-site-content-layout":"default","site-content-style":"default","site-sidebar-style":"default","ast-global-header-display":"","ast-banner-title-visibility":"","ast-main-header-display":"","ast-hfb-above-header-display":"","ast-hfb-below-header-display":"","ast-hfb-mobile-header-display":"","site-post-title":"disabled","ast-breadcrumbs-content":"","ast-featured-img":"","footer-sml-layout":"","ast-disable-related-posts":"","theme-transparent-header-meta":"","adv-header-id-meta":"","stick-header-meta":"","header-above-stick-meta":"","header-main-stick-meta":"","header-below-stick-meta":"","astra-migrate-meta-layouts":"default","ast-page-background-enabled":"default","ast-page-background-meta":{"desktop":{"background-color":"","background-image":"","background-repeat":"repeat","background-position":"center center","background-size":"auto","background-attachment":"scroll","background-type":"","background-media":"","overlay-type":"","overlay-color":"","overlay-opacity":"","overlay-gradient":""},"tablet":{"background-color":"","background-image":"","background-repeat":"repeat","background-position":"center center","background-size":"auto","background-attachment":"scroll","background-type":"","background-media":"","overlay-type":"","overlay-color":"","overlay-opacity":"","overlay-gradient":""},"mobile":{"background-color":"","background-image":"","background-repeat":"repeat","background-position":"center center","background-size":"auto","background-attachment":"scroll","background-type":"","background-media":"","overlay-type":"","overlay-color":"","overlay-opacity":"","overlay-gradient":""}},"ast-content-background-meta":{"desktop":{"background-color":"var(--ast-global-color-5)","background-image":"","background-repeat":"repeat","background-position":"center center","background-size":"auto","background-attachment":"scroll","background-type":"","background-media":"","overlay-type":"","overlay-color":"","overlay-opacity":"","overlay-gradient":""},"tablet":{"background-color":"var(--ast-global-color-5)","background-image":"","background-repeat":"repeat","background-position":"center center","background-size":"auto","background-attachment":"scroll","background-type":"","background-media":"","overlay-type":"","overlay-color":"","overlay-opacity":"","overlay-gradient":""},"mobile":{"background-color":"var(--ast-global-color-5)","background-image":"","background-repeat":"repeat","background-position":"center center","background-size":"auto","background-attachment":"scroll","background-type":"","background-media":"","overlay-type":"","overlay-color":"","overlay-opacity":"","overlay-gradient":""}},"footnotes":""},"class_list":["post-1895","page","type-page","status-publish","hentry"],"aioseo_notices":[],"jetpack_sharing_enabled":true,"_links":{"self":[{"href":"https:\/\/excellenceroadmpc.com\/de\/wp-json\/wp\/v2\/pages\/1895","targetHints":{"allow":["GET"]}}],"collection":[{"href":"https:\/\/excellenceroadmpc.com\/de\/wp-json\/wp\/v2\/pages"}],"about":[{"href":"https:\/\/excellenceroadmpc.com\/de\/wp-json\/wp\/v2\/types\/page"}],"author":[{"embeddable":true,"href":"https:\/\/excellenceroadmpc.com\/de\/wp-json\/wp\/v2\/users\/1"}],"replies":[{"embeddable":true,"href":"https:\/\/excellenceroadmpc.com\/de\/wp-json\/wp\/v2\/comments?post=1895"}],"version-history":[{"count":5,"href":"https:\/\/excellenceroadmpc.com\/de\/wp-json\/wp\/v2\/pages\/1895\/revisions"}],"predecessor-version":[{"id":2375,"href":"https:\/\/excellenceroadmpc.com\/de\/wp-json\/wp\/v2\/pages\/1895\/revisions\/2375"}],"wp:attachment":[{"href":"https:\/\/excellenceroadmpc.com\/de\/wp-json\/wp\/v2\/media?parent=1895"}],"curies":[{"name":"wp","href":"https:\/\/api.w.org\/{rel}","templated":true}]}}