{"id":1580,"date":"2022-05-22T11:43:39","date_gmt":"2022-05-22T10:43:39","guid":{"rendered":"https:\/\/excellenceroadmpc.com\/?page_id=1580"},"modified":"2025-03-29T15:09:32","modified_gmt":"2025-03-29T14:09:32","slug":"for-coaches","status":"publish","type":"page","link":"https:\/\/excellenceroadmpc.com\/de\/for-coaches\/","title":{"rendered":"F\u00fcr Trainer*innen"},"content":{"rendered":"<div data-elementor-type=\"wp-page\" data-elementor-id=\"1580\" class=\"elementor elementor-1580\">\n\t\t\t\t\t\t<section class=\"elementor-section elementor-top-section elementor-element elementor-element-3295810 elementor-section-boxed elementor-section-height-default elementor-section-height-default\" data-id=\"3295810\" data-element_type=\"section\" data-e-type=\"section\">\n\t\t\t\t\t\t<div class=\"elementor-container elementor-column-gap-default\">\n\t\t\t\t\t<div class=\"elementor-column elementor-col-100 elementor-top-column elementor-element elementor-element-7e9f240\" data-id=\"7e9f240\" data-element_type=\"column\" data-e-type=\"column\">\n\t\t\t<div class=\"elementor-widget-wrap elementor-element-populated\">\n\t\t\t\t\t\t<div class=\"elementor-element elementor-element-c9e61f0 elementor-widget elementor-widget-heading\" data-id=\"c9e61f0\" data-element_type=\"widget\" data-e-type=\"widget\" data-widget_type=\"heading.default\">\n\t\t\t\t<div class=\"elementor-widget-container\">\n\t\t\t\t\t<h2 class=\"elementor-heading-title elementor-size-default\">Optimale psychologische Bedingungen<\/h2>\t\t\t\t<\/div>\n\t\t\t\t<\/div>\n\t\t\t\t<div class=\"elementor-element elementor-element-02c41b6 elementor-widget elementor-widget-text-editor\" data-id=\"02c41b6\" data-element_type=\"widget\" data-e-type=\"widget\" data-widget_type=\"text-editor.default\">\n\t\t\t\t<div class=\"elementor-widget-container\">\n\t\t\t\t\t\t\t\t\t<p class=\"translation-block\">Die Fahrt auf der Excellence Road \u2013 das Wohlbefinden, die Vorbereitung und die Leistung optimieren \u2013 ist viel einfacher, wenn die Stra\u00dfe gut ausgebaut und frei von Schlagl\u00f6chern ist. <b>Trainer und F\u00fchrungskr\u00e4fte<\/b> sind ideal positioniert, um diese Stra\u00dfe f\u00fcr ihre Spieler*innen und Teams zu ebnen, indem sie die ideale Umgebung f\u00fcr maximale <i>Zufriedenheit<\/i>, <i>Entwicklung<\/i> und <i>Erfolg<\/i> schaffen.<\/p>\t\t\t\t\t\t\t\t<\/div>\n\t\t\t\t<\/div>\n\t\t\t\t<div class=\"elementor-element elementor-element-7878fbc elementor-widget elementor-widget-text-editor\" data-id=\"7878fbc\" data-element_type=\"widget\" data-e-type=\"widget\" data-widget_type=\"text-editor.default\">\n\t\t\t\t<div class=\"elementor-widget-container\">\n\t\t\t\t\t\t\t\t\t<p>\u2022 <strong>Motivation<\/strong> kann aus vielen Quellen kommen, aber einige sind nachhaltiger als andere. Motivation von innen steigert den Wunsch zu lernen und sich zu verbessern, f\u00f6rdert langfristiges Engagement und treibt Performer dazu an, ihre Ziele \u00fcber l\u00e4ngere Zeit zu verfolgen. F\u00fchrungskr\u00e4fte spielen eine entscheidende Rolle dabei, die interne Motivation zu st\u00e4rken (oder zu behindern).<br \/>\u2022 <strong>Mindsets<\/strong> pr\u00e4gen, wie Performer Einsatz, Erfolg und Misserfolg, Stress und ihre Herangehensweise an Training und Wettk\u00e4mpfe wahrnehmen. Wichtige Mindsets, die F\u00fchrungskr\u00e4fte f\u00f6rdern sollten, sind Entwicklungs-Mindset, Stress-kann-f\u00f6rderlich-sein-Mindset und Verbesserungs- und Vertrauens-Mindsets.<br \/>\u2022 <strong>Psychologische Sicherheit<\/strong> ist einer der st\u00e4rksten Pr\u00e4diktoren f\u00fcr den Erfolg eines Teams. Hochleistungsf\u00e4hige Teams basieren auf offener Kommunikation, bei der Performer keine Bedenken haben, Probleme kreativ zu l\u00f6sen, intelligente Risiken einzugehen und aus Fehlern zu lernen. F\u00fchrungskr\u00e4fte f\u00f6rdern dieses Umfeld, indem sie eine Kultur des Vertrauens und der Offenheit schaffen.<br \/>\u2022 <strong>Feedback<\/strong> kann das Lernen von Performern dramatisch verbessern. Die besten Trainer*innen wissen, wie sie Lob und Kritik richtig vermitteln, wie oft und wann sie dies tun sollten und welche Feedback-Stile den Performern am meisten beim Lernen helfen.<br \/>\u2022 <strong>Effektives Training<\/strong> kann die Entwicklung von Performern ebenso f\u00f6rdern wie gutes Coaching. Techniken f\u00fcr effektives Training beinhalten die Periodisierung von Saisonpl\u00e4nen, die Gestaltung von Trainingseinheiten und \u00dcbungen, die Grundlagen der Fertigkeitsentwicklung sowie die Rolle von Anstrengung und Erholung.<\/p>\t\t\t\t\t\t\t\t<\/div>\n\t\t\t\t<\/div>\n\t\t\t\t<div class=\"elementor-element elementor-element-37b5af0 elementor-align-center elementor-widget elementor-widget-button\" data-id=\"37b5af0\" data-element_type=\"widget\" data-e-type=\"widget\" data-widget_type=\"button.default\">\n\t\t\t\t<div class=\"elementor-widget-container\">\n\t\t\t\t\t\t\t\t\t<div class=\"elementor-button-wrapper\">\n\t\t\t\t\t<a class=\"elementor-button elementor-button-link elementor-size-lg elementor-animation-grow\" href=\"https:\/\/excellenceroadmpc.com\/de\/contact\/\">\n\t\t\t\t\t\t<span class=\"elementor-button-content-wrapper\">\n\t\t\t\t\t\t\t\t\t<span class=\"elementor-button-text\">Los geht's!<\/span>\n\t\t\t\t\t<\/span>\n\t\t\t\t\t<\/a>\n\t\t\t\t<\/div>\n\t\t\t\t\t\t\t\t<\/div>\n\t\t\t\t<\/div>\n\t\t\t\t\t<\/div>\n\t\t<\/div>\n\t\t\t\t\t<\/div>\n\t\t<\/section>\n\t\t\t\t<\/div>","protected":false},"excerpt":{"rendered":"<p>Optimal Psychological Conditions Biking down Excellence Road \u2013 optimizing well-being, preparation, and performance \u2013 is much easier if the road is smoothly paved and free of potholes.\u00a0Coaches and leaders are ideally placed to pave the road for their players and teams, by creating the ideal environment for maximum satisfaction, growth, and success. \u2022 Motivation can [&hellip;]<\/p>\n","protected":false},"author":1,"featured_media":0,"parent":0,"menu_order":0,"comment_status":"closed","ping_status":"closed","template":"","meta":{"om_disable_all_campaigns":false,"_monsterinsights_skip_tracking":false,"_monsterinsights_sitenote_active":false,"_monsterinsights_sitenote_note":"","_monsterinsights_sitenote_category":0,"site-sidebar-layout":"no-sidebar","site-content-layout":"page-builder","ast-site-content-layout":"default","site-content-style":"default","site-sidebar-style":"default","ast-global-header-display":"","ast-banner-title-visibility":"","ast-main-header-display":"","ast-hfb-above-header-display":"","ast-hfb-below-header-display":"","ast-hfb-mobile-header-display":"","site-post-title":"disabled","ast-breadcrumbs-content":"","ast-featured-img":"disabled","footer-sml-layout":"","ast-disable-related-posts":"","theme-transparent-header-meta":"","adv-header-id-meta":"","stick-header-meta":"","header-above-stick-meta":"","header-main-stick-meta":"","header-below-stick-meta":"","astra-migrate-meta-layouts":"default","ast-page-background-enabled":"default","ast-page-background-meta":{"desktop":{"background-color":"","background-image":"","background-repeat":"repeat","background-position":"center center","background-size":"auto","background-attachment":"scroll","background-type":"","background-media":"","overlay-type":"","overlay-color":"","overlay-opacity":"","overlay-gradient":""},"tablet":{"background-color":"","background-image":"","background-repeat":"repeat","background-position":"center center","background-size":"auto","background-attachment":"scroll","background-type":"","background-media":"","overlay-type":"","overlay-color":"","overlay-opacity":"","overlay-gradient":""},"mobile":{"background-color":"","background-image":"","background-repeat":"repeat","background-position":"center center","background-size":"auto","background-attachment":"scroll","background-type":"","background-media":"","overlay-type":"","overlay-color":"","overlay-opacity":"","overlay-gradient":""}},"ast-content-background-meta":{"desktop":{"background-color":"var(--ast-global-color-5)","background-image":"","background-repeat":"repeat","background-position":"center center","background-size":"auto","background-attachment":"scroll","background-type":"","background-media":"","overlay-type":"","overlay-color":"","overlay-opacity":"","overlay-gradient":""},"tablet":{"background-color":"var(--ast-global-color-5)","background-image":"","background-repeat":"repeat","background-position":"center center","background-size":"auto","background-attachment":"scroll","background-type":"","background-media":"","overlay-type":"","overlay-color":"","overlay-opacity":"","overlay-gradient":""},"mobile":{"background-color":"var(--ast-global-color-5)","background-image":"","background-repeat":"repeat","background-position":"center center","background-size":"auto","background-attachment":"scroll","background-type":"","background-media":"","overlay-type":"","overlay-color":"","overlay-opacity":"","overlay-gradient":""}},"footnotes":""},"class_list":["post-1580","page","type-page","status-publish","hentry"],"aioseo_notices":[],"jetpack_sharing_enabled":true,"_links":{"self":[{"href":"https:\/\/excellenceroadmpc.com\/de\/wp-json\/wp\/v2\/pages\/1580","targetHints":{"allow":["GET"]}}],"collection":[{"href":"https:\/\/excellenceroadmpc.com\/de\/wp-json\/wp\/v2\/pages"}],"about":[{"href":"https:\/\/excellenceroadmpc.com\/de\/wp-json\/wp\/v2\/types\/page"}],"author":[{"embeddable":true,"href":"https:\/\/excellenceroadmpc.com\/de\/wp-json\/wp\/v2\/users\/1"}],"replies":[{"embeddable":true,"href":"https:\/\/excellenceroadmpc.com\/de\/wp-json\/wp\/v2\/comments?post=1580"}],"version-history":[{"count":6,"href":"https:\/\/excellenceroadmpc.com\/de\/wp-json\/wp\/v2\/pages\/1580\/revisions"}],"predecessor-version":[{"id":2677,"href":"https:\/\/excellenceroadmpc.com\/de\/wp-json\/wp\/v2\/pages\/1580\/revisions\/2677"}],"wp:attachment":[{"href":"https:\/\/excellenceroadmpc.com\/de\/wp-json\/wp\/v2\/media?parent=1580"}],"curies":[{"name":"wp","href":"https:\/\/api.w.org\/{rel}","templated":true}]}}