{"id":125,"date":"2018-11-26T12:45:57","date_gmt":"2018-11-26T12:45:57","guid":{"rendered":"http:\/\/box5147.temp.domains\/~excelmn5\/?page_id=125"},"modified":"2026-03-06T22:28:42","modified_gmt":"2026-03-06T21:28:42","slug":"about-me","status":"publish","type":"page","link":"https:\/\/excellenceroadmpc.com\/de\/about-me\/","title":{"rendered":"\u00dcber mich"},"content":{"rendered":"<div data-elementor-type=\"wp-post\" data-elementor-id=\"125\" class=\"elementor elementor-125\">\n\t\t\t\t\t\t<section class=\"elementor-section elementor-top-section elementor-element elementor-element-cbda07d elementor-section-boxed elementor-section-height-default elementor-section-height-default\" data-id=\"cbda07d\" data-element_type=\"section\" data-e-type=\"section\">\n\t\t\t\t\t\t<div class=\"elementor-container elementor-column-gap-default\">\n\t\t\t\t\t<div class=\"elementor-column elementor-col-100 elementor-top-column elementor-element elementor-element-0c77fea\" data-id=\"0c77fea\" data-element_type=\"column\" data-e-type=\"column\">\n\t\t\t<div class=\"elementor-widget-wrap elementor-element-populated\">\n\t\t\t\t\t\t<section class=\"elementor-section elementor-inner-section elementor-element elementor-element-388540c elementor-section-boxed elementor-section-height-default elementor-section-height-default\" data-id=\"388540c\" data-element_type=\"section\" data-e-type=\"section\">\n\t\t\t\t\t\t<div class=\"elementor-container elementor-column-gap-default\">\n\t\t\t\t\t<div class=\"elementor-column elementor-col-50 elementor-inner-column elementor-element elementor-element-88b0343\" data-id=\"88b0343\" data-element_type=\"column\" data-e-type=\"column\">\n\t\t\t<div class=\"elementor-widget-wrap elementor-element-populated\">\n\t\t\t\t\t\t<div class=\"elementor-element elementor-element-5d90c0c elementor-widget elementor-widget-heading\" data-id=\"5d90c0c\" data-element_type=\"widget\" data-e-type=\"widget\" data-widget_type=\"heading.default\">\n\t\t\t\t<div class=\"elementor-widget-container\">\n\t\t\t\t\t<h2 class=\"elementor-heading-title elementor-size-default\"><a href=\"https:\/\/www.linkedin.com\/in\/nick-powell-mpc\/?locale=de_DE\" target=\"_blank\">Nick Powell, M.A., CMPC<\/a><\/h2>\t\t\t\t<\/div>\n\t\t\t\t<\/div>\n\t\t\t\t<div class=\"elementor-element elementor-element-626a12a elementor-widget elementor-widget-image\" data-id=\"626a12a\" data-element_type=\"widget\" data-e-type=\"widget\" data-widget_type=\"image.default\">\n\t\t\t\t<div class=\"elementor-widget-container\">\n\t\t\t\t\t\t\t\t\t\t\t\t\t\t\t\t<a href=\"https:\/\/www.linkedin.com\/in\/nick-powell-mpc\/?locale=de_DE\" target=\"_blank\">\n\t\t\t\t\t\t\t<img decoding=\"async\" src=\"https:\/\/excellenceroadmpc.com\/wp-content\/uploads\/elementor\/thumbs\/Re\u0301sume\u0301-Pic-Formal-copy-scaled-pohd5rgz5ey303gpo39jsd94wm9ld209g5r3im1stm.jpg\" title=\"Nick Powell, M.A., CMPC\" alt=\"-\" loading=\"lazy\" \/>\t\t\t\t\t\t\t\t<\/a>\n\t\t\t\t\t\t\t\t\t\t\t\t\t\t\t<\/div>\n\t\t\t\t<\/div>\n\t\t\t\t\t<\/div>\n\t\t<\/div>\n\t\t\t\t<div class=\"elementor-column elementor-col-50 elementor-inner-column elementor-element elementor-element-67bde12\" data-id=\"67bde12\" data-element_type=\"column\" data-e-type=\"column\">\n\t\t\t<div class=\"elementor-widget-wrap elementor-element-populated\">\n\t\t\t\t\t\t<div class=\"elementor-element elementor-element-1aa9aaf elementor-widget elementor-widget-text-editor\" data-id=\"1aa9aaf\" data-element_type=\"widget\" data-e-type=\"widget\" data-widget_type=\"text-editor.default\">\n\t\t\t\t<div class=\"elementor-widget-container\">\n\t\t\t\t\t\t\t\t\t<p>Als Mental Performance Consultant habe ich mich auf das Training mentaler F\u00e4higkeiten, die Jugendentwicklung, die Trainerausbildung und den Erwerb von F\u00e4higkeiten spezialisiert. Das Ziel meiner Sitzungen ist es, Performern zu helfen, ihre F\u00e4higkeit zur Vorbereitung und Ausf\u00fchrung zu verbessern und gleichzeitig im Leben au\u00dferhalb ihrer Leistungsdom\u00e4ne erfolgreich zu sein. Ich habe meinen Master-Abschluss in Sport- und Leistungspsychologie von der University of Denver \u2013 einem der renommiertesten Programme der Welt \u2013 erhalten, wo ich mich mit Spitzensportlern und Ersthelfern beraten habe. Ich habe auch die Akkreditierung als <a href=\"https:\/\/appliedsportpsych.org\/certification\/\" target=\"_blank\" rel=\"noopener\">Certified Mental Performance Consultant (CMPC\u00ae)<\/a> von der Association for Applied Sport Psychology abgeschlossen.<\/p><p>Meine Leidenschaft f\u00fcr Sportpsychologie kommt von einer langen Fu\u00dfballkarriere, in der ich im System der U.S. Development Academy (\u00e4hnlich der deutschen Nachwuchsleistungszentren) spielte, mit der Universit\u00e4tsmannschaft in den USA das nationale Halbfinale erreichte, und mehrere Jahre lang im Amateurbereich in Europa spielte. In mehr als einem Jahrzehnt Coaching aller Altersgruppen, Geschlechter und Spielst\u00e4rken habe ich auch Trainerlizenzen in Deutschland (UEFA B) und den Vereinigten Staaten (USSF D) erhalten.<\/p><p>In meiner Freizeit erkunde ich die Natur gerne mit dem Fahrrad, Skilanglauf und Telemark, beim Wandern und beim Fotografieren.<\/p>\t\t\t\t\t\t\t\t<\/div>\n\t\t\t\t<\/div>\n\t\t\t\t\t<\/div>\n\t\t<\/div>\n\t\t\t\t\t<\/div>\n\t\t<\/section>\n\t\t\t\t\t<\/div>\n\t\t<\/div>\n\t\t\t\t\t<\/div>\n\t\t<\/section>\n\t\t\t\t<section class=\"elementor-section elementor-top-section elementor-element elementor-element-688ad38 elementor-section-content-middle elementor-section-boxed elementor-section-height-default elementor-section-height-default\" data-id=\"688ad38\" data-element_type=\"section\" data-e-type=\"section\" data-settings=\"{&quot;background_background&quot;:&quot;classic&quot;}\">\n\t\t\t\t\t\t\t<div class=\"elementor-background-overlay\"><\/div>\n\t\t\t\t\t\t\t<div class=\"elementor-container elementor-column-gap-no\">\n\t\t\t\t\t<div class=\"elementor-column elementor-col-100 elementor-top-column elementor-element elementor-element-a134a7b\" data-id=\"a134a7b\" data-element_type=\"column\" data-e-type=\"column\">\n\t\t\t<div class=\"elementor-widget-wrap\">\n\t\t\t\t\t\t\t<\/div>\n\t\t<\/div>\n\t\t\t\t\t<\/div>\n\t\t<\/section>\n\t\t\t\t<\/div>","protected":false},"excerpt":{"rendered":"<p>Nick Powell, M.A., CMPC As a Mental Performance Consultant, I specialize in mental skills training, youth development, coaching education, and skill acquisition. The goal of my sessions is to help performers improve their ability to both prepare and execute, while thriving in life outside their performance domain. I received my Master\u2019s degree in Sport and [&hellip;]<\/p>\n","protected":false},"author":1,"featured_media":0,"parent":0,"menu_order":0,"comment_status":"closed","ping_status":"closed","template":"","meta":{"om_disable_all_campaigns":false,"_monsterinsights_skip_tracking":false,"_monsterinsights_sitenote_active":false,"_monsterinsights_sitenote_note":"","_monsterinsights_sitenote_category":0,"site-sidebar-layout":"no-sidebar","site-content-layout":"page-builder","ast-site-content-layout":"default","site-content-style":"default","site-sidebar-style":"default","ast-global-header-display":"","ast-banner-title-visibility":"","ast-main-header-display":"","ast-hfb-above-header-display":"","ast-hfb-below-header-display":"","ast-hfb-mobile-header-display":"","site-post-title":"disabled","ast-breadcrumbs-content":"","ast-featured-img":"disabled","footer-sml-layout":"","ast-disable-related-posts":"","theme-transparent-header-meta":"enabled","adv-header-id-meta":"","stick-header-meta":"","header-above-stick-meta":"","header-main-stick-meta":"","header-below-stick-meta":"","astra-migrate-meta-layouts":"default","ast-page-background-enabled":"default","ast-page-background-meta":{"desktop":{"background-color":"","background-image":"","background-repeat":"repeat","background-position":"center center","background-size":"auto","background-attachment":"scroll","background-type":"","background-media":"","overlay-type":"","overlay-color":"","overlay-opacity":"","overlay-gradient":""},"tablet":{"background-color":"","background-image":"","background-repeat":"repeat","background-position":"center center","background-size":"auto","background-attachment":"scroll","background-type":"","background-media":"","overlay-type":"","overlay-color":"","overlay-opacity":"","overlay-gradient":""},"mobile":{"background-color":"","background-image":"","background-repeat":"repeat","background-position":"center center","background-size":"auto","background-attachment":"scroll","background-type":"","background-media":"","overlay-type":"","overlay-color":"","overlay-opacity":"","overlay-gradient":""}},"ast-content-background-meta":{"desktop":{"background-color":"var(--ast-global-color-5)","background-image":"","background-repeat":"repeat","background-position":"center center","background-size":"auto","background-attachment":"scroll","background-type":"","background-media":"","overlay-type":"","overlay-color":"","overlay-opacity":"","overlay-gradient":""},"tablet":{"background-color":"var(--ast-global-color-5)","background-image":"","background-repeat":"repeat","background-position":"center center","background-size":"auto","background-attachment":"scroll","background-type":"","background-media":"","overlay-type":"","overlay-color":"","overlay-opacity":"","overlay-gradient":""},"mobile":{"background-color":"var(--ast-global-color-5)","background-image":"","background-repeat":"repeat","background-position":"center center","background-size":"auto","background-attachment":"scroll","background-type":"","background-media":"","overlay-type":"","overlay-color":"","overlay-opacity":"","overlay-gradient":""}},"footnotes":""},"class_list":["post-125","page","type-page","status-publish","hentry"],"aioseo_notices":[],"jetpack_sharing_enabled":true,"_links":{"self":[{"href":"https:\/\/excellenceroadmpc.com\/de\/wp-json\/wp\/v2\/pages\/125","targetHints":{"allow":["GET"]}}],"collection":[{"href":"https:\/\/excellenceroadmpc.com\/de\/wp-json\/wp\/v2\/pages"}],"about":[{"href":"https:\/\/excellenceroadmpc.com\/de\/wp-json\/wp\/v2\/types\/page"}],"author":[{"embeddable":true,"href":"https:\/\/excellenceroadmpc.com\/de\/wp-json\/wp\/v2\/users\/1"}],"replies":[{"embeddable":true,"href":"https:\/\/excellenceroadmpc.com\/de\/wp-json\/wp\/v2\/comments?post=125"}],"version-history":[{"count":5,"href":"https:\/\/excellenceroadmpc.com\/de\/wp-json\/wp\/v2\/pages\/125\/revisions"}],"predecessor-version":[{"id":2703,"href":"https:\/\/excellenceroadmpc.com\/de\/wp-json\/wp\/v2\/pages\/125\/revisions\/2703"}],"wp:attachment":[{"href":"https:\/\/excellenceroadmpc.com\/de\/wp-json\/wp\/v2\/media?parent=125"}],"curies":[{"name":"wp","href":"https:\/\/api.w.org\/{rel}","templated":true}]}}