{"id":1040,"date":"2022-05-09T06:17:19","date_gmt":"2022-05-09T05:17:19","guid":{"rendered":"https:\/\/excellenceroadmpc.com\/?page_id=1040"},"modified":"2025-06-13T20:31:44","modified_gmt":"2025-06-13T19:31:44","slug":"services","status":"publish","type":"page","link":"https:\/\/excellenceroadmpc.com\/de\/services\/","title":{"rendered":"Dienstleistungen"},"content":{"rendered":"<div data-elementor-type=\"wp-page\" data-elementor-id=\"1040\" class=\"elementor elementor-1040\">\n\t\t\t\t\t\t<section class=\"elementor-section elementor-top-section elementor-element elementor-element-b9702d8 elementor-section-boxed elementor-section-height-default elementor-section-height-default\" data-id=\"b9702d8\" data-element_type=\"section\" data-e-type=\"section\">\n\t\t\t\t\t\t<div class=\"elementor-container elementor-column-gap-default\">\n\t\t\t\t\t<div class=\"elementor-column elementor-col-100 elementor-top-column elementor-element elementor-element-731f3e9\" data-id=\"731f3e9\" data-element_type=\"column\" data-e-type=\"column\">\n\t\t\t<div class=\"elementor-widget-wrap elementor-element-populated\">\n\t\t\t\t\t\t<div class=\"elementor-element elementor-element-1d9315a elementor-widget elementor-widget-heading\" data-id=\"1d9315a\" data-element_type=\"widget\" data-e-type=\"widget\" data-widget_type=\"heading.default\">\n\t\t\t\t<div class=\"elementor-widget-container\">\n\t\t\t\t\t<h2 class=\"elementor-heading-title elementor-size-default\">How<\/h2>\t\t\t\t<\/div>\n\t\t\t\t<\/div>\n\t\t\t\t\t<\/div>\n\t\t<\/div>\n\t\t\t\t\t<\/div>\n\t\t<\/section>\n\t\t\t\t<section class=\"elementor-section elementor-top-section elementor-element elementor-element-1b4daee elementor-section-boxed elementor-section-height-default elementor-section-height-default\" data-id=\"1b4daee\" data-element_type=\"section\" data-e-type=\"section\">\n\t\t\t\t\t\t<div class=\"elementor-container elementor-column-gap-default\">\n\t\t\t\t\t<div class=\"elementor-column elementor-col-100 elementor-top-column elementor-element elementor-element-c09c578\" data-id=\"c09c578\" data-element_type=\"column\" data-e-type=\"column\">\n\t\t\t<div class=\"elementor-widget-wrap\">\n\t\t\t\t\t\t\t<\/div>\n\t\t<\/div>\n\t\t\t\t\t<\/div>\n\t\t<\/section>\n\t\t\t\t<section class=\"elementor-section elementor-top-section elementor-element elementor-element-358d886 elementor-section-boxed elementor-section-height-default elementor-section-height-default\" data-id=\"358d886\" data-element_type=\"section\" data-e-type=\"section\">\n\t\t\t\t\t\t<div class=\"elementor-container elementor-column-gap-default\">\n\t\t\t\t\t<div class=\"elementor-column elementor-col-100 elementor-top-column elementor-element elementor-element-f39ad8a\" data-id=\"f39ad8a\" data-element_type=\"column\" data-e-type=\"column\">\n\t\t\t<div class=\"elementor-widget-wrap elementor-element-populated\">\n\t\t\t\t\t\t<div class=\"elementor-element elementor-element-f52a2a7 elementor-widget elementor-widget-heading\" data-id=\"f52a2a7\" data-element_type=\"widget\" data-e-type=\"widget\" data-widget_type=\"heading.default\">\n\t\t\t\t<div class=\"elementor-widget-container\">\n\t\t\t\t\t<h2 class=\"elementor-heading-title elementor-size-large\">Starke mentale F\u00e4higkeiten<\/h2>\t\t\t\t<\/div>\n\t\t\t\t<\/div>\n\t\t\t\t<div class=\"elementor-element elementor-element-93941ef elementor-widget elementor-widget-heading\" data-id=\"93941ef\" data-element_type=\"widget\" data-e-type=\"widget\" data-widget_type=\"heading.default\">\n\t\t\t\t<div class=\"elementor-widget-container\">\n\t\t\t\t\t<h2 class=\"elementor-heading-title elementor-size-default\">Der Weg ist das Ziel<\/h2>\t\t\t\t<\/div>\n\t\t\t\t<\/div>\n\t\t\t\t<div class=\"elementor-element elementor-element-8eb1ad0 elementor-widget elementor-widget-image\" data-id=\"8eb1ad0\" data-element_type=\"widget\" data-e-type=\"widget\" data-no-translation=\"\" data-widget_type=\"image.default\">\n\t\t\t\t<div class=\"elementor-widget-container\">\n\t\t\t\t\t<style>.elementor-element-8eb1ad0{display:none !important}<\/style>\t\t\t\t<\/div>\n\t\t\t\t<\/div>\n\t\t\t\t<div class=\"elementor-element elementor-element-8f7de49 elementor-widget elementor-widget-image\" data-id=\"8f7de49\" data-element_type=\"widget\" data-e-type=\"widget\" data-no-translation=\"\" data-widget_type=\"image.default\">\n\t\t\t\t<div class=\"elementor-widget-container\">\n\t\t\t\t\t\t\t\t\t\t\t\t\t\t\t<img decoding=\"async\" src=\"https:\/\/excellenceroadmpc.com\/wp-content\/uploads\/elementor\/thumbs\/TOPE-Bike-GER-r79fx19aa0guqna75isetf397tyg0j23eplbeq9jos.png\" title=\"TOPE Bike GER\" alt=\"TOPE Bike GER\" loading=\"lazy\" \/>\t\t\t\t\t\t\t\t\t\t\t\t\t\t\t<\/div>\n\t\t\t\t<\/div>\n\t\t\t\t<div class=\"elementor-element elementor-element-d4d1ad4 elementor-widget elementor-widget-heading\" data-id=\"d4d1ad4\" data-element_type=\"widget\" data-e-type=\"widget\" data-widget_type=\"heading.default\">\n\t\t\t\t<div class=\"elementor-widget-container\">\n\t\t\t\t\t<h2 class=\"elementor-heading-title elementor-size-default\">Die Grundsteine<\/h2>\t\t\t\t<\/div>\n\t\t\t\t<\/div>\n\t\t\t\t<div class=\"elementor-element elementor-element-bb48acc elementor-widget elementor-widget-text-editor\" data-id=\"bb48acc\" data-element_type=\"widget\" data-e-type=\"widget\" data-widget_type=\"text-editor.default\">\n\t\t\t\t<div class=\"elementor-widget-container\">\n\t\t\t\t\t\t\t\t\t<p style=\"font-size: 18px; font-style: normal; font-weight: 400;\" class=\"translation-block\"><span style=\"background-color: var(--ast-global-color-4);color: var(--ast-global-color-3);font-weight: bold\">Wohlbefinden<\/span><span style=\"background-color: var(--ast-global-color-4);color: var(--ast-global-color-3)\">\u00a0<\/span><span style=\"background-color: var(--ast-global-color-4);color: var(--ast-global-color-3)\">ist wie der Sattel eines Fahrrads: Theoretisch k\u00f6nntest du auch ohne ihn fahren, aber es ist weder besonders bequem, noch eine gute Langzeitstrategie. Probleme au\u00dferhalb des Platzes hemmen die Entwicklung und beeintr\u00e4chtigen die optimale Leistung; Wohlbefinden bietet f\u00fcr beides die notwendige Plattform.<\/span><\/p><p style=\"font-size: 18px; font-style: normal; font-weight: 400;\" class=\"translation-block\">Das Leben eines Performers ist ein st\u00e4ndiger Zyklus zwischen <span style=\"font-weight: bold\">Entwicklung<\/span> und <span style=\"font-weight: bold\">Leistung<\/span>. Diejenigen, die ihr Potenzial aussch\u00f6pfen, sind diejenigen, die mentale Strategien anwenden, um konstant H\u00f6chstleistungen zu erbringen und ihre mentalen F\u00e4higkeiten kontinuierlich zu verbessern.<\/p>\t\t\t\t\t\t\t\t<\/div>\n\t\t\t\t<\/div>\n\t\t\t\t<div class=\"elementor-element elementor-element-b627401 elementor-widget elementor-widget-heading\" data-id=\"b627401\" data-element_type=\"widget\" data-e-type=\"widget\" data-widget_type=\"heading.default\">\n\t\t\t\t<div class=\"elementor-widget-container\">\n\t\t\t\t\t<h2 class=\"elementor-heading-title elementor-size-default\">Die mentalen Kompetenzen<\/h2>\t\t\t\t<\/div>\n\t\t\t\t<\/div>\n\t\t\t\t<div class=\"elementor-element elementor-element-33f3f45 elementor-widget elementor-widget-text-editor\" data-id=\"33f3f45\" data-element_type=\"widget\" data-e-type=\"widget\" data-widget_type=\"text-editor.default\">\n\t\t\t\t<div class=\"elementor-widget-container\">\n\t\t\t\t\t\t\t\t\t<p style=\"font-size: 18px; font-weight: 400;\"><span style=\"background-color: var(--ast-global-color-4); color: var(--ast-global-color-3);\"><i>Bereiche die Performer entwickeln m\u00fcssen um deren volles Potenzial auszusch\u00f6pfen<\/i><\/span><\/p>\t\t\t\t\t\t\t\t<\/div>\n\t\t\t\t<\/div>\n\t\t\t\t<section class=\"elementor-section elementor-inner-section elementor-element elementor-element-e4878dd elementor-section-boxed elementor-section-height-default elementor-section-height-default\" data-id=\"e4878dd\" data-element_type=\"section\" data-e-type=\"section\">\n\t\t\t\t\t\t<div class=\"elementor-container elementor-column-gap-default\">\n\t\t\t\t\t<div class=\"elementor-column elementor-col-50 elementor-inner-column elementor-element elementor-element-8e6b493\" data-id=\"8e6b493\" data-element_type=\"column\" data-e-type=\"column\">\n\t\t\t<div class=\"elementor-widget-wrap elementor-element-populated\">\n\t\t\t\t\t\t<div class=\"elementor-element elementor-element-ba6a142 elementor-widget elementor-widget-text-editor\" data-id=\"ba6a142\" data-element_type=\"widget\" data-e-type=\"widget\" data-widget_type=\"text-editor.default\">\n\t\t\t\t<div class=\"elementor-widget-container\">\n\t\t\t\t\t\t\t\t\t<p><span style=\"font-size: 18px;\"><b><u>Entwicklungsrad<\/u><\/b><\/span><\/p>\t\t\t\t\t\t\t\t<\/div>\n\t\t\t\t<\/div>\n\t\t\t\t\t<\/div>\n\t\t<\/div>\n\t\t\t\t<div class=\"elementor-column elementor-col-50 elementor-inner-column elementor-element elementor-element-6406a1c\" data-id=\"6406a1c\" data-element_type=\"column\" data-e-type=\"column\">\n\t\t\t<div class=\"elementor-widget-wrap elementor-element-populated\">\n\t\t\t\t\t\t<div class=\"elementor-element elementor-element-da034c8 elementor-widget elementor-widget-text-editor\" data-id=\"da034c8\" data-element_type=\"widget\" data-e-type=\"widget\" data-widget_type=\"text-editor.default\">\n\t\t\t\t<div class=\"elementor-widget-container\">\n\t\t\t\t\t\t\t\t\t<p><span style=\"font-size: 18px;\"><b><u>Leistungsrad<\/u><\/b><\/span><\/p>\t\t\t\t\t\t\t\t<\/div>\n\t\t\t\t<\/div>\n\t\t\t\t\t<\/div>\n\t\t<\/div>\n\t\t\t\t\t<\/div>\n\t\t<\/section>\n\t\t\t\t<section class=\"elementor-section elementor-inner-section elementor-element elementor-element-c861b96 elementor-section-boxed elementor-section-height-default elementor-section-height-default\" data-id=\"c861b96\" data-element_type=\"section\" data-e-type=\"section\">\n\t\t\t\t\t\t<div class=\"elementor-container elementor-column-gap-default\">\n\t\t\t\t\t<div class=\"elementor-column elementor-col-50 elementor-inner-column elementor-element elementor-element-ae1d389\" data-id=\"ae1d389\" data-element_type=\"column\" data-e-type=\"column\">\n\t\t\t<div class=\"elementor-widget-wrap elementor-element-populated\">\n\t\t\t\t\t\t<div class=\"elementor-element elementor-element-be99f9b elementor-widget elementor-widget-text-editor\" data-id=\"be99f9b\" data-element_type=\"widget\" data-e-type=\"widget\" data-widget_type=\"text-editor.default\">\n\t\t\t\t<div class=\"elementor-widget-container\">\n\t\t\t\t\t\t\t\t\t<ul><li class=\"translation-block\"><span style=\"font-style: inherit;background-color: var(--ast-global-color-4);color: var(--ast-global-color-3)\"><b>Selbsterkenntnis<\/b><\/span><span style=\"font-style: inherit;font-weight: inherit;background-color: var(--ast-global-color-4);color: var(--ast-global-color-3)\"> f\u00f6rdert Entscheidungen. Entscheidungen f\u00f6rdern den Fortschritt. Lerne, deine Gedanken zu erkennen, zu verstehen und mit ihnen zu arbeiten, um eine qualitativ hochwertige Vorbereitung und effektive Leistung zu erzielen. <\/span><\/li><li class=\"translation-block\"><b>Engagement<\/b> auf Grundlage pers\u00f6nlicher Werte f\u00fchrt dazu, dass du konsequent das Notwendige tust, um deine Ziele zu erreichen, selbst wenn die Motivation nachl\u00e4sst.<\/li><li class=\"translation-block\"><b>Synergistische Mindsets <\/b>vereinen den Glauben, dass Talent entwickelt und nicht angeboren ist, und das Verst\u00e4ndnis, dass Stress tats\u00e4chlich die Entwicklung und die optimale Leistung f\u00f6rdern kann.<\/li><li class=\"translation-block\"><b>Resilienz<\/b> bedeutet, sich trotz R\u00fcckschl\u00e4gen wie Verletzungen, Konditionsproblemen, schweren Niederlagen oder pers\u00f6nlichen Schwierigkeiten au\u00dferhalb des Feldes daf\u00fcr zu entscheiden, weiter voranzukommen.<\/li><\/ul>\t\t\t\t\t\t\t\t<\/div>\n\t\t\t\t<\/div>\n\t\t\t\t\t<\/div>\n\t\t<\/div>\n\t\t\t\t<div class=\"elementor-column elementor-col-50 elementor-inner-column elementor-element elementor-element-71ac93c\" data-id=\"71ac93c\" data-element_type=\"column\" data-e-type=\"column\">\n\t\t\t<div class=\"elementor-widget-wrap elementor-element-populated\">\n\t\t\t\t\t\t<div class=\"elementor-element elementor-element-bf190f5 elementor-widget elementor-widget-text-editor\" data-id=\"bf190f5\" data-element_type=\"widget\" data-e-type=\"widget\" data-widget_type=\"text-editor.default\">\n\t\t\t\t<div class=\"elementor-widget-container\">\n\t\t\t\t\t\t\t\t\t<ul><li class=\"translation-block\"><span style=\"font-style: inherit;background-color: var(--ast-global-color-4);color: var(--ast-global-color-3)\"><b>Konzentration<\/b><\/span><span style=\"font-style: inherit;font-weight: inherit;background-color: var(--ast-global-color-4);color: var(--ast-global-color-3)\"> ist die \u201eW\u00e4hrung der Leistung\u201c. Die besten Performer setzen ihren Fokus, k\u00f6nnen die Konzentration schnell auf einen anderen Fokus setzen und Ablenkungen kontrollieren. <\/span><br><\/li><li class=\"translation-block\"><b>Motivation<\/b> zur Bew\u00e4ltigung einer anstehenden Aufgabe ist eine Voraussetzung f\u00fcr Spitzenleistung und kann durch verschiedene Techniken gest\u00e4rkt werden.<\/li><li><b><b>Das Selbstvertrauen<\/b><\/b> immer das Beste aus deinen F\u00e4higkeiten herauszuholen kann sowohl ein Nebenprodukt anderer Kompetenzen sein, als auch direkt gest\u00e4rkt werden.<\/li><li class=\"translation-block\"><b>Emotionale Kontrolle<\/b> zu finden ist die F\u00e4higkeit, trotz starker Emotionen bewusst ein bestimmtes Verhalten zu w\u00e4hlen, und ist ein h\u00f6herer Indikator f\u00fcr den Erfolg in Leistung und Leben als reines Talent.<\/li><\/ul>\t\t\t\t\t\t\t\t<\/div>\n\t\t\t\t<\/div>\n\t\t\t\t\t<\/div>\n\t\t<\/div>\n\t\t\t\t\t<\/div>\n\t\t<\/section>\n\t\t\t\t<div class=\"elementor-element elementor-element-7a22538 elementor-align-center elementor-widget elementor-widget-button\" data-id=\"7a22538\" data-element_type=\"widget\" data-e-type=\"widget\" data-widget_type=\"button.default\">\n\t\t\t\t<div class=\"elementor-widget-container\">\n\t\t\t\t\t\t\t\t\t<div class=\"elementor-button-wrapper\">\n\t\t\t\t\t<a class=\"elementor-button elementor-button-link elementor-size-lg elementor-animation-grow\" href=\"https:\/\/excellenceroadmpc.com\/de\/for-performers\/\">\n\t\t\t\t\t\t<span class=\"elementor-button-content-wrapper\">\n\t\t\t\t\t\t\t\t\t<span class=\"elementor-button-text\">Wie man die Kompetenzen aufbaut<\/span>\n\t\t\t\t\t<\/span>\n\t\t\t\t\t<\/a>\n\t\t\t\t<\/div>\n\t\t\t\t\t\t\t\t<\/div>\n\t\t\t\t<\/div>\n\t\t\t\t\t<\/div>\n\t\t<\/div>\n\t\t\t\t\t<\/div>\n\t\t<\/section>\n\t\t\t\t<\/div>","protected":false},"excerpt":{"rendered":"<p>How A strong mental game The path is the destination The Foundations Well-Being\u00a0is like the seat on a bicycle: you could technically ride without it, but it\u2019s not very comfortable or a great long-term strategy. Off-field problems stunt growth and detract from optimal performance; well-being provides the necessary platform for both. A performer\u2019s life is [&hellip;]<\/p>\n","protected":false},"author":1,"featured_media":0,"parent":0,"menu_order":0,"comment_status":"closed","ping_status":"closed","template":"","meta":{"om_disable_all_campaigns":false,"_monsterinsights_skip_tracking":false,"_monsterinsights_sitenote_active":false,"_monsterinsights_sitenote_note":"","_monsterinsights_sitenote_category":0,"site-sidebar-layout":"no-sidebar","site-content-layout":"page-builder","ast-site-content-layout":"default","site-content-style":"default","site-sidebar-style":"default","ast-global-header-display":"","ast-banner-title-visibility":"","ast-main-header-display":"","ast-hfb-above-header-display":"","ast-hfb-below-header-display":"","ast-hfb-mobile-header-display":"","site-post-title":"disabled","ast-breadcrumbs-content":"","ast-featured-img":"disabled","footer-sml-layout":"","ast-disable-related-posts":"","theme-transparent-header-meta":"","adv-header-id-meta":"","stick-header-meta":"","header-above-stick-meta":"","header-main-stick-meta":"","header-below-stick-meta":"","astra-migrate-meta-layouts":"default","ast-page-background-enabled":"default","ast-page-background-meta":{"desktop":{"background-color":"","background-image":"","background-repeat":"repeat","background-position":"center center","background-size":"auto","background-attachment":"scroll","background-type":"","background-media":"","overlay-type":"","overlay-color":"","overlay-opacity":"","overlay-gradient":""},"tablet":{"background-color":"","background-image":"","background-repeat":"repeat","background-position":"center center","background-size":"auto","background-attachment":"scroll","background-type":"","background-media":"","overlay-type":"","overlay-color":"","overlay-opacity":"","overlay-gradient":""},"mobile":{"background-color":"","background-image":"","background-repeat":"repeat","background-position":"center center","background-size":"auto","background-attachment":"scroll","background-type":"","background-media":"","overlay-type":"","overlay-color":"","overlay-opacity":"","overlay-gradient":""}},"ast-content-background-meta":{"desktop":{"background-color":"var(--ast-global-color-5)","background-image":"","background-repeat":"repeat","background-position":"center center","background-size":"auto","background-attachment":"scroll","background-type":"","background-media":"","overlay-type":"","overlay-color":"","overlay-opacity":"","overlay-gradient":""},"tablet":{"background-color":"var(--ast-global-color-5)","background-image":"","background-repeat":"repeat","background-position":"center center","background-size":"auto","background-attachment":"scroll","background-type":"","background-media":"","overlay-type":"","overlay-color":"","overlay-opacity":"","overlay-gradient":""},"mobile":{"background-color":"var(--ast-global-color-5)","background-image":"","background-repeat":"repeat","background-position":"center center","background-size":"auto","background-attachment":"scroll","background-type":"","background-media":"","overlay-type":"","overlay-color":"","overlay-opacity":"","overlay-gradient":""}},"footnotes":""},"class_list":["post-1040","page","type-page","status-publish","hentry"],"aioseo_notices":[],"jetpack_sharing_enabled":true,"_links":{"self":[{"href":"https:\/\/excellenceroadmpc.com\/de\/wp-json\/wp\/v2\/pages\/1040","targetHints":{"allow":["GET"]}}],"collection":[{"href":"https:\/\/excellenceroadmpc.com\/de\/wp-json\/wp\/v2\/pages"}],"about":[{"href":"https:\/\/excellenceroadmpc.com\/de\/wp-json\/wp\/v2\/types\/page"}],"author":[{"embeddable":true,"href":"https:\/\/excellenceroadmpc.com\/de\/wp-json\/wp\/v2\/users\/1"}],"replies":[{"embeddable":true,"href":"https:\/\/excellenceroadmpc.com\/de\/wp-json\/wp\/v2\/comments?post=1040"}],"version-history":[{"count":5,"href":"https:\/\/excellenceroadmpc.com\/de\/wp-json\/wp\/v2\/pages\/1040\/revisions"}],"predecessor-version":[{"id":2693,"href":"https:\/\/excellenceroadmpc.com\/de\/wp-json\/wp\/v2\/pages\/1040\/revisions\/2693"}],"wp:attachment":[{"href":"https:\/\/excellenceroadmpc.com\/de\/wp-json\/wp\/v2\/media?parent=1040"}],"curies":[{"name":"wp","href":"https:\/\/api.w.org\/{rel}","templated":true}]}}